{"id":25122,"date":"2024-06-08T01:23:56","date_gmt":"2024-06-08T01:23:56","guid":{"rendered":"https:\/\/wp.jerplan.com.mx\/?page_id=25122"},"modified":"2024-06-10T19:57:00","modified_gmt":"2024-06-10T19:57:00","slug":"especialidades","status":"publish","type":"page","link":"https:\/\/wp.jerplan.com.mx\/index.php\/especialidades\/","title":{"rendered":"Especialidades"},"content":{"rendered":"<div class=\"wpb-content-wrapper\"><p>[vc_row][vc_column][\/vc_column][\/vc_row][vc_row][vc_column][vc_column_text css=\u00bb\u00bb]<\/p>\n<div class=\"title-h4\" style=\"text-align: center;\">Estructuras m\u00e9talicas<\/div>\n<div>\n<p style=\"text-align: justify;\">Nos distinguimos por nuestra capacidad para dise\u00f1ar y construir soluciones robustas y eficientes, adaptadas a las exigencias espec\u00edficas de cada proyecto industrial. Utilizamos acero de alta calidad y tecnolog\u00eda avanzada en nuestros procesos de fabricaci\u00f3n, garantizando estructuras duraderas y seguras. Nuestro equipo de expertos en montaje trabaja con precisi\u00f3n y rapidez para asegurar que proyecto cumpla con los m\u00e1s altos est\u00e1ndares de resistencia y funcionalidad, optimizando as\u00ed el espacio y el rendimiento operativo de nuestros clientes<\/p>\n<\/div>\n<p>[\/vc_column_text][vc_row_inner][vc_column_inner width=\u00bb1\/3&#8243;][vc_single_image image=\u00bb25075&#8243; img_size=\u00bb400X300&#8243; css=\u00bb\u00bb][vc_column_text css=\u00bb\u00bb]<\/p>\n<p style=\"text-align: center;\"><strong>MARCOS RIGIDOS Y JOIST<\/strong><\/p>\n<p>[\/vc_column_text][\/vc_column_inner][vc_column_inner width=\u00bb1\/3&#8243;][vc_single_image image=\u00bb25072&#8243; img_size=\u00bb400X300&#8243; css=\u00bb\u00bb][vc_column_text css=\u00bb\u00bb]<\/p>\n<p style=\"text-align: center;\"><strong>MARCOS RIGIDOS Y JOIST<\/strong><\/p>\n<p>[\/vc_column_text][\/vc_column_inner][vc_column_inner width=\u00bb1\/3&#8243;][vc_single_image image=\u00bb25076&#8243; img_size=\u00bb400X300&#8243; css=\u00bb\u00bb][vc_column_text css=\u00bb\u00bb]<\/p>\n<p style=\"text-align: center;\"><strong>ROLADO DE LAMINA<\/strong><\/p>\n<p>[\/vc_column_text][\/vc_column_inner][\/vc_row_inner][vc_row_inner][vc_column_inner width=\u00bb1\/3&#8243;][vc_single_image image=\u00bb25078&#8243; img_size=\u00bb400X300&#8243; css=\u00bb\u00bb][vc_column_text css=\u00bb\u00bb]<\/p>\n<p style=\"text-align: center;\"><strong>TECHADO DE LAMINA<\/strong><\/p>\n<p>[\/vc_column_text][\/vc_column_inner][vc_column_inner width=\u00bb1\/3&#8243;][vc_single_image image=\u00bb25073&#8243; img_size=\u00bb400X300&#8243; css=\u00bb\u00bb][vc_column_text css=\u00bb\u00bb]<\/p>\n<p style=\"text-align: center;\"><strong>JUNTAS Y SOLDADURA<\/strong><\/p>\n<p>[\/vc_column_text][\/vc_column_inner][vc_column_inner width=\u00bb1\/3&#8243;][vc_single_image image=\u00bb25071&#8243; img_size=\u00bb400X300&#8243; css=\u00bb\u00bb][vc_column_text css=\u00bb\u00bb]<\/p>\n<p style=\"text-align: center;\"><strong>EDIFICIO INDUSTRIAL TERMINADO<\/strong><\/p>\n<p>[\/vc_column_text][\/vc_column_inner][\/vc_row_inner][vc_separator css=\u00bb\u00bb][vc_column_text css=\u00bb\u00bb]<\/p>\n<div class=\"title-h4\" style=\"text-align: center;\">concreto<\/div>\n<div>\n<p style=\"text-align: JUSTIFY;\">Nos destacamos en la implementaci\u00f3n de elementos de concreto en la construcci\u00f3n, abarcando pisos, muros y estructuras. Utilizamos concreto de alta resistencia y las \u00faltimas tecnolog\u00edas en mezcla y vertido para asegurar una durabilidad y una integridad estructural excepcionales. Nuestro equipo de expertos trabaja meticulosamente en cada proyecto, garantizando acabados precisos y un rendimiento \u00f3ptimo en diversas aplicaciones. Nos enfocamos en satisfacer las necesidades espec\u00edficas de nuestros clientes, proporcionando soluciones de concreto que destacan por su solidez, seguridad y calidad superior, optimizando as\u00ed la funcionalidad y la longevidad de cada obra.<\/p>\n<\/div>\n<p>[\/vc_column_text][vc_row_inner][vc_column_inner][vc_single_image image=\u00bb25088&#8243; img_size=\u00bb1220X400&#8243; css=\u00bb\u00bb][\/vc_column_inner][\/vc_row_inner][vc_row_inner][vc_column_inner width=\u00bb1\/2&#8243;][vc_single_image image=\u00bb25089&#8243; img_size=\u00bb600X300&#8243; css=\u00bb\u00bb][\/vc_column_inner][vc_column_inner width=\u00bb1\/2&#8243;][vc_single_image image=\u00bb25051&#8243; img_size=\u00bb600X300&#8243; css=\u00bb\u00bb][\/vc_column_inner][\/vc_row_inner][vc_separator css=\u00bb\u00bb][vc_column_text css=\u00bb\u00bb]<\/p>\n<div class=\"title-h4\" style=\"text-align: center;\">muros tilt up<\/div>\n<div>\n<p style=\"text-align: justify;\">Somos una empresa l\u00edder en la industria de la construcci\u00f3n, especializada en la fabricaci\u00f3n y montaje de muros Tilt-Up y tabletas de concreto. Esta t\u00e9cnica innovadora nos permite construir estructuras de concreto robustas y duraderas de manera r\u00e1pida y eficiente. Estos elementos se caracterizan por ser colados en moldes horizontales y luego levantados y colocados en su posici\u00f3n final, lo que reduce significativamente los tiempos de construcci\u00f3n y costos. Nuestro equipo de expertos se encarga de cada etapa del proceso, desde el dise\u00f1o personalizado y la fabricaci\u00f3n precisa de los paneles y tabletas de concreto, hasta el montaje seguro y la finalizaci\u00f3n detallada del proyecto. Nos comprometemos a ofrecer soluciones de construcci\u00f3n de alta calidad que cumplen con las especificaciones t\u00e9cnicas y las necesidades espec\u00edficas de cada cliente.<\/p>\n<\/div>\n<p>[\/vc_column_text][vc_row_inner][vc_column_inner width=\u00bb1\/3&#8243;][vc_column_text css=\u00bb\u00bb]<\/p>\n<p style=\"text-align: center;\"><strong>Acero de repuesto<\/strong><\/p>\n<p>[\/vc_column_text][vc_single_image image=\u00bb25111&#8243; img_size=\u00bb350X250&#8243; css=\u00bb\u00bb][\/vc_column_inner][vc_column_inner width=\u00bb1\/3&#8243;][vc_column_text css=\u00bb\u00bb]<\/p>\n<p style=\"text-align: center;\"><strong>Colado de concreto<\/strong><\/p>\n<p>[\/vc_column_text][vc_single_image image=\u00bb25113&#8243; img_size=\u00bb350X250&#8243; css=\u00bb\u00bb][\/vc_column_inner][vc_column_inner width=\u00bb1\/3&#8243;][vc_column_text css=\u00bb\u00bb]<\/p>\n<p style=\"text-align: center;\"><strong>Colado de concreto<\/strong><\/p>\n<p>[\/vc_column_text][vc_single_image image=\u00bb25087&#8243; img_size=\u00bb350X220&#8243; css=\u00bb\u00bb][\/vc_column_inner][\/vc_row_inner][vc_row_inner][vc_column_inner width=\u00bb1\/3&#8243;][vc_column_text css=\u00bb\u00bb]<\/p>\n<p style=\"text-align: center;\"><strong>Cierre de Muros<\/strong><\/p>\n<p>[\/vc_column_text][vc_single_image image=\u00bb25086&#8243; img_size=\u00bb350X250&#8243; alignment=\u00bbcenter\u00bb css=\u00bb\u00bb][\/vc_column_inner][vc_column_inner width=\u00bb1\/3&#8243;][vc_column_text css=\u00bb\u00bb]<\/p>\n<p style=\"text-align: center;\"><strong>Izaje de Muros<\/strong><\/p>\n<p>[\/vc_column_text][vc_single_image image=\u00bb25137&#8243; img_size=\u00bb350X250&#8243; alignment=\u00bbcenter\u00bb css=\u00bb\u00bb][\/vc_column_inner][vc_column_inner width=\u00bb1\/3&#8243;][vc_column_text css=\u00bb\u00bb]<\/p>\n<p style=\"text-align: center;\"><strong>Izaje de Muros<\/strong><\/p>\n<p>[\/vc_column_text][vc_single_image image=\u00bb25052&#8243; img_size=\u00bb350X350&#8243; alignment=\u00bbcenter\u00bb css=\u00bb\u00bb][\/vc_column_inner][\/vc_row_inner][vc_separator css=\u00bb\u00bb][vc_column_text css=\u00bb\u00bb]<\/p>\n<div class=\"title-h4\" style=\"text-align: center;\">DISE\u00d1O Y CONSTRUCCI\u00d3N<\/div>\n<div>\n<p style=\"text-align: justify;\">Somos una empresa l\u00edder en la industria de la construcci\u00f3n, especializada en el dise\u00f1o y construcci\u00f3n de naves, parques industriales. Utilizamos t\u00e9cnicas avanzadas, como <b>muros Tilt-Up y tabletas de concreto<\/b>, adem\u00e1s de incorporar <b>E<\/b><b>structuras Met\u00e1licas <\/b>y <b>C<\/b><b>oncreto<\/b> para pisos tanto interiores como exteriores y vialidades, as\u00ed como <b>I<\/b><b>nstalaciones MCI<\/b>. Nuestro enfoque integral nos permite ofrecer soluciones robustas y eficientes que cumplen con las especificaciones t\u00e9cnicas m\u00e1s exigentes, asegurando durabilidad y calidad en cada proyecto. Desde el <b>D<\/b><b>ise\u00f1o <\/b><b>Arquitect\u00f3nico<\/b> inicial hasta la ejecuci\u00f3n final, nuestro equipo de expertos se dedica a brindar un servicio completo y personalizado, optimizando tiempos y costos sin comprometer la excelencia de nuestras construcciones.<\/p>\n<\/div>\n<p>[\/vc_column_text][vc_row_inner][vc_column_inner width=\u00bb1\/3&#8243;][vc_single_image image=\u00bb25068&#8243; img_size=\u00bb350X250&#8243; alignment=\u00bbcenter\u00bb css=\u00bb\u00bb][\/vc_column_inner][vc_column_inner width=\u00bb1\/3&#8243;][vc_single_image image=\u00bb25069&#8243; img_size=\u00bb350X250&#8243; alignment=\u00bbcenter\u00bb css=\u00bb\u00bb][\/vc_column_inner][vc_column_inner width=\u00bb1\/3&#8243;][vc_single_image image=\u00bb25070&#8243; img_size=\u00bb300&#215;400&#8243; alignment=\u00bbcenter\u00bb css=\u00bb\u00bb][\/vc_column_inner][\/vc_row_inner][vc_row_inner][vc_column_inner][vc_single_image image=\u00bb25067&#8243; img_size=\u00bb600X500&#8243; css=\u00bb\u00bb][\/vc_column_inner][\/vc_row_inner][vc_separator css=\u00bb\u00bb][vc_column_text css=\u00bb\u00bb]<\/p>\n<div class=\"title-h4\" style=\"text-align: center;\">INSTALACIONES MCI<\/div>\n<div>\n<p style=\"text-align: justify;\">Somos una empresa l\u00edder en la industria de la construcci\u00f3n, especializada en la ejecuci\u00f3n de instalaciones el\u00e9ctricas, hidrosanitarias, pluviales, HVAC y sistemas contra incendios. Nuestro enfoque integral nos permite ofrecer soluciones completas y de alta calidad, garantizando que cada proyecto cumpla con las normativas y especificaciones t\u00e9cnicas m\u00e1s exigentes. Contamos con un equipo de profesionales altamente capacitados que se encargan de cada detalle, desde el dise\u00f1o y planificaci\u00f3n hasta la instalaci\u00f3n y puesta en marcha, asegurando eficiencia, seguridad y durabilidad en todas nuestras obras. Nos comprometemos a proporcionar un servicio confiable y personalizado que satisface plenamente las necesidades de nuestros clientes.<\/p>\n<\/div>\n<p>[\/vc_column_text][vc_separator css=\u00bb\u00bb][\/vc_column][vc_column][\/vc_column][\/vc_row]<\/p>\n<\/div>","protected":false},"excerpt":{"rendered":"<p>[vc_row][vc_column][\/vc_column][\/vc_row][vc_row][vc_column][vc_column_text css=\u00bb\u00bb] Estructuras m\u00e9talicas Nos distinguimos por nuestra capacidad para dise\u00f1ar y construir soluciones robustas y eficientes, adaptadas a las&#8230;<\/p>\n","protected":false},"author":1,"featured_media":0,"parent":0,"menu_order":0,"comment_status":"closed","ping_status":"closed","template":"","meta":{"footnotes":""},"class_list":["post-25122","page","type-page","status-publish"],"_links":{"self":[{"href":"https:\/\/wp.jerplan.com.mx\/index.php\/wp-json\/wp\/v2\/pages\/25122","targetHints":{"allow":["GET"]}}],"collection":[{"href":"https:\/\/wp.jerplan.com.mx\/index.php\/wp-json\/wp\/v2\/pages"}],"about":[{"href":"https:\/\/wp.jerplan.com.mx\/index.php\/wp-json\/wp\/v2\/types\/page"}],"author":[{"embeddable":true,"href":"https:\/\/wp.jerplan.com.mx\/index.php\/wp-json\/wp\/v2\/users\/1"}],"replies":[{"embeddable":true,"href":"https:\/\/wp.jerplan.com.mx\/index.php\/wp-json\/wp\/v2\/comments?post=25122"}],"version-history":[{"count":10,"href":"https:\/\/wp.jerplan.com.mx\/index.php\/wp-json\/wp\/v2\/pages\/25122\/revisions"}],"predecessor-version":[{"id":25139,"href":"https:\/\/wp.jerplan.com.mx\/index.php\/wp-json\/wp\/v2\/pages\/25122\/revisions\/25139"}],"wp:attachment":[{"href":"https:\/\/wp.jerplan.com.mx\/index.php\/wp-json\/wp\/v2\/media?parent=25122"}],"curies":[{"name":"wp","href":"https:\/\/api.w.org\/{rel}","templated":true}]}}